{"id":249,"date":"2022-06-05T09:12:51","date_gmt":"2022-06-05T09:12:51","guid":{"rendered":"https:\/\/www.glinianawarsztatownia.com.pl\/?page_id=249"},"modified":"2022-06-15T10:29:47","modified_gmt":"2022-06-15T10:29:47","slug":"pracownia","status":"publish","type":"page","link":"https:\/\/www.glinianawarsztatownia.com.pl\/index.php\/pracownia\/","title":{"rendered":"Warsztaty"},"content":{"rendered":"\n<div class=\"wp-block-columns alignfull is-layout-flex wp-container-core-columns-is-layout-3 wp-block-columns-is-layout-flex\">\n<div class=\"wp-block-column is-layout-flow wp-block-column-is-layout-flow\" style=\"flex-basis:50%\">\n<div class=\"wp-block-cover is-light\" style=\"min-height:600px;aspect-ratio:unset;\"><span aria-hidden=\"true\" class=\"wp-block-cover__background has-background-dim-100 has-background-dim\" style=\"background-color:#f6f6f6\"><\/span><div class=\"wp-block-cover__inner-container is-layout-flow wp-block-cover-is-layout-flow\"><div class=\"wp-block-image\">\n<figure class=\"aligncenter size-full is-resized\"><img loading=\"lazy\" decoding=\"async\" src=\"https:\/\/i0.wp.com\/www.glinianawarsztatownia.com.pl\/wp-content\/uploads\/2022\/06\/Light-Beige-Modern-Ceramics-Business-Card-Graphic-Designer-Mockup-3.png?fit=1080%2C1920&amp;ssl=1\" alt=\"\" class=\"wp-image-132\" width=\"384\" height=\"651\" title=\"narz\u0119dzie wykorzystywane podczas zaj\u0119\u0107\"\/><figcaption>Narz\u0119dzia w naszej pracowni s\u0105 do waszej dyspozycji.<\/figcaption><\/figure><\/div><\/div><\/div>\n<\/div>\n\n\n\n<div class=\"wp-block-column is-vertically-aligned-center is-layout-flow wp-block-column-is-layout-flow\" style=\"padding-top:1em;padding-right:1em;padding-bottom:1em;padding-left:1em\">\n<div class=\"wp-block-columns is-layout-flex wp-container-core-columns-is-layout-2 wp-block-columns-is-layout-flex\">\n<div class=\"wp-block-column is-layout-flow wp-block-column-is-layout-flow\" style=\"flex-basis:320px\">\n<div class=\"wp-block-columns is-layout-flex wp-container-core-columns-is-layout-1 wp-block-columns-is-layout-flex\" id=\"warsztaty-w-pracowni\">\n<div class=\"wp-block-column is-layout-flow wp-block-column-is-layout-flow\" style=\"flex-basis:100%\">\n<pre class=\"wp-block-code has-medium-font-size\"><code>Zapraszamy do Glinianej Warsztatowi<\/code><\/pre>\n<\/div>\n<\/div>\n\n\n\n<p>Ka\u017cdy czasem potrzebuje wytchnienia i relaksu &#8211; nie wa\u017cne czy jeste\u015b dzieckiem czy doros\u0142ym. Zostawi\u0107 za sob\u0105 ca\u0142y ci\u0119\u017car dnia, od\u0142o\u017cy\u0107 telefon i zalogowa\u0107 si\u0119 do \u015bwiata gliny i ceramiki. Odnale\u017a\u0107 w sobie pok\u0142ady spokoju. To wszystko oferujemy w naszej pracowni, gdzie prowadzimy warsztaty dla rodzin, os\u00f3b doros\u0142ych, dzieci oraz indywidualne. <\/p>\n\n\n\n<p class=\"has-large-font-size\" style=\"line-height:1.6\"><\/p>\n<\/div>\n<\/div>\n<\/div>\n<\/div>\n","protected":false},"excerpt":{"rendered":"<p>Ka\u017cdy czasem potrzebuje wytchnienia i relaksu &#8211; nie wa\u017cne czy jeste\u015b dzieckiem czy doros\u0142ym. Zostawi\u0107 za sob\u0105 ca\u0142y ci\u0119\u017car dnia, od\u0142o\u017cy\u0107 telefon i zalogowa\u0107 si\u0119 do \u015bwiata gliny i ceramiki. Odnale\u017a\u0107 w sobie pok\u0142ady spokoju. To wszystko oferujemy w naszej pracowni, gdzie prowadzimy warsztaty dla rodzin, os\u00f3b doros\u0142ych, dzieci oraz indywidualne.<\/p>\n","protected":false},"author":1,"featured_media":0,"parent":0,"menu_order":0,"comment_status":"open","ping_status":"closed","template":"","meta":{"footnotes":""},"class_list":["post-249","page","type-page","status-publish","hentry"],"aioseo_notices":[],"_links":{"self":[{"href":"https:\/\/www.glinianawarsztatownia.com.pl\/index.php\/wp-json\/wp\/v2\/pages\/249","targetHints":{"allow":["GET"]}}],"collection":[{"href":"https:\/\/www.glinianawarsztatownia.com.pl\/index.php\/wp-json\/wp\/v2\/pages"}],"about":[{"href":"https:\/\/www.glinianawarsztatownia.com.pl\/index.php\/wp-json\/wp\/v2\/types\/page"}],"author":[{"embeddable":true,"href":"https:\/\/www.glinianawarsztatownia.com.pl\/index.php\/wp-json\/wp\/v2\/users\/1"}],"replies":[{"embeddable":true,"href":"https:\/\/www.glinianawarsztatownia.com.pl\/index.php\/wp-json\/wp\/v2\/comments?post=249"}],"version-history":[{"count":9,"href":"https:\/\/www.glinianawarsztatownia.com.pl\/index.php\/wp-json\/wp\/v2\/pages\/249\/revisions"}],"predecessor-version":[{"id":381,"href":"https:\/\/www.glinianawarsztatownia.com.pl\/index.php\/wp-json\/wp\/v2\/pages\/249\/revisions\/381"}],"wp:attachment":[{"href":"https:\/\/www.glinianawarsztatownia.com.pl\/index.php\/wp-json\/wp\/v2\/media?parent=249"}],"curies":[{"name":"wp","href":"https:\/\/api.w.org\/{rel}","templated":true}]}}