{"id":10799,"date":"2024-12-30T10:54:38","date_gmt":"2024-12-30T10:54:38","guid":{"rendered":"https:\/\/www.glinianawarsztatownia.com.pl\/?post_type=product&#038;p=10799"},"modified":"2024-12-30T10:54:38","modified_gmt":"2024-12-30T10:54:38","slug":"wazon","status":"publish","type":"product","link":"https:\/\/www.glinianawarsztatownia.com.pl\/index.php\/produkt\/wazon\/","title":{"rendered":"Wazon"},"content":{"rendered":"<div class=\"kb0PBd A9Y9g\" data-snf=\"nke7rc\" data-sncf=\"1\">\n<div class=\"VwiC3b yXK7lf p4wth r025kc hJNv6b Hdw6tb\">Wazonik wykonany \u00a0z \u00a0ceramiki szkliwionej.<\/div>\n<div class=\"VwiC3b yXK7lf p4wth r025kc hJNv6b Hdw6tb\">Wymiary: wysoko\u015b\u0107 11 cm, \u015brednica g\u00f3rna 2 cm.<\/div>\n<\/div>\n","protected":false},"excerpt":{"rendered":"<p>Wazonik wykonany \u00a0z \u00a0ceramiki szkliwionej. Wymiary: wysoko\u015b\u0107 11 cm, \u015brednica g\u00f3rna 2 cm.<\/p>\n","protected":false},"featured_media":10797,"template":"","meta":[],"product_brand":[],"product_cat":[37],"product_tag":[],"class_list":{"0":"post-10799","1":"product","2":"type-product","3":"status-publish","4":"has-post-thumbnail","6":"product_cat-wystroj-wnetrz","8":"first","9":"instock","10":"shipping-taxable","11":"purchasable","12":"product-type-simple"},"aioseo_notices":[],"_links":{"self":[{"href":"https:\/\/www.glinianawarsztatownia.com.pl\/index.php\/wp-json\/wp\/v2\/product\/10799","targetHints":{"allow":["GET"]}}],"collection":[{"href":"https:\/\/www.glinianawarsztatownia.com.pl\/index.php\/wp-json\/wp\/v2\/product"}],"about":[{"href":"https:\/\/www.glinianawarsztatownia.com.pl\/index.php\/wp-json\/wp\/v2\/types\/product"}],"wp:featuredmedia":[{"embeddable":true,"href":"https:\/\/www.glinianawarsztatownia.com.pl\/index.php\/wp-json\/wp\/v2\/media\/10797"}],"wp:attachment":[{"href":"https:\/\/www.glinianawarsztatownia.com.pl\/index.php\/wp-json\/wp\/v2\/media?parent=10799"}],"wp:term":[{"taxonomy":"product_brand","embeddable":true,"href":"https:\/\/www.glinianawarsztatownia.com.pl\/index.php\/wp-json\/wp\/v2\/product_brand?post=10799"},{"taxonomy":"product_cat","embeddable":true,"href":"https:\/\/www.glinianawarsztatownia.com.pl\/index.php\/wp-json\/wp\/v2\/product_cat?post=10799"},{"taxonomy":"product_tag","embeddable":true,"href":"https:\/\/www.glinianawarsztatownia.com.pl\/index.php\/wp-json\/wp\/v2\/product_tag?post=10799"}],"curies":[{"name":"wp","href":"https:\/\/api.w.org\/{rel}","templated":true}]}}