{"id":10806,"date":"2024-12-30T15:51:47","date_gmt":"2024-12-30T15:51:47","guid":{"rendered":"https:\/\/www.glinianawarsztatownia.com.pl\/?post_type=product&#038;p=10806"},"modified":"2024-12-30T15:51:47","modified_gmt":"2024-12-30T15:51:47","slug":"talerzyk","status":"publish","type":"product","link":"https:\/\/www.glinianawarsztatownia.com.pl\/index.php\/produkt\/talerzyk\/","title":{"rendered":"Talerzyk"},"content":{"rendered":"<div class=\"kb0PBd A9Y9g\" data-snf=\"nke7rc\" data-sncf=\"1\">\n<div class=\"VwiC3b yXK7lf p4wth r025kc hJNv6b Hdw6tb\">Materia\u0142: ceramika szkliwiona, z\u0142oto 24 karatowe.<\/div>\n<div class=\"VwiC3b yXK7lf p4wth r025kc hJNv6b Hdw6tb\">Wymiary: wysoko\u015b\u0107 &#8230;&#8230;&#8230;&#8230;.., \u015brednica g\u00f3rna &#8230;&#8230;&#8230;&#8230;&#8230;<\/div>\n<\/div>\n","protected":false},"excerpt":{"rendered":"<p>Materia\u0142: ceramika szkliwiona, z\u0142oto 24 karatowe. Wymiary: wysoko\u015b\u0107 &#8230;&#8230;&#8230;&#8230;.., \u015brednica g\u00f3rna &#8230;&#8230;&#8230;&#8230;&#8230;<\/p>\n","protected":false},"featured_media":10802,"template":"","meta":[],"product_brand":[],"product_cat":[40,42],"product_tag":[],"class_list":{"0":"post-10806","1":"product","2":"type-product","3":"status-publish","4":"has-post-thumbnail","6":"product_cat-ceramika-uzytkowa","7":"product_cat-talerze","9":"first","10":"instock","11":"shipping-taxable","12":"purchasable","13":"product-type-simple"},"aioseo_notices":[],"_links":{"self":[{"href":"https:\/\/www.glinianawarsztatownia.com.pl\/index.php\/wp-json\/wp\/v2\/product\/10806","targetHints":{"allow":["GET"]}}],"collection":[{"href":"https:\/\/www.glinianawarsztatownia.com.pl\/index.php\/wp-json\/wp\/v2\/product"}],"about":[{"href":"https:\/\/www.glinianawarsztatownia.com.pl\/index.php\/wp-json\/wp\/v2\/types\/product"}],"wp:featuredmedia":[{"embeddable":true,"href":"https:\/\/www.glinianawarsztatownia.com.pl\/index.php\/wp-json\/wp\/v2\/media\/10802"}],"wp:attachment":[{"href":"https:\/\/www.glinianawarsztatownia.com.pl\/index.php\/wp-json\/wp\/v2\/media?parent=10806"}],"wp:term":[{"taxonomy":"product_brand","embeddable":true,"href":"https:\/\/www.glinianawarsztatownia.com.pl\/index.php\/wp-json\/wp\/v2\/product_brand?post=10806"},{"taxonomy":"product_cat","embeddable":true,"href":"https:\/\/www.glinianawarsztatownia.com.pl\/index.php\/wp-json\/wp\/v2\/product_cat?post=10806"},{"taxonomy":"product_tag","embeddable":true,"href":"https:\/\/www.glinianawarsztatownia.com.pl\/index.php\/wp-json\/wp\/v2\/product_tag?post=10806"}],"curies":[{"name":"wp","href":"https:\/\/api.w.org\/{rel}","templated":true}]}}