{"id":275,"date":"2022-06-05T11:27:53","date_gmt":"2022-06-05T11:27:53","guid":{"rendered":"https:\/\/www.glinianawarsztatownia.com.pl\/?post_type=product&#038;p=275"},"modified":"2024-11-28T20:44:19","modified_gmt":"2024-11-28T20:44:19","slug":"warsztaty-z-glina-karnet-prezent","status":"publish","type":"product","link":"https:\/\/www.glinianawarsztatownia.com.pl\/index.php\/produkt\/warsztaty-z-glina-karnet-prezent\/","title":{"rendered":"Karnet warsztaty z glin\u0105"},"content":{"rendered":"<h3>Karnet na 1,5 godzinne warsztaty z glin\u0105.<\/h3>\n<h3><span style=\"color: #756253;\"><span style=\"font-family: Roboto, sans-serif;\"><span style=\"font-size: 30;\">Idealny wst\u0119p do\u00a0zabawy z\u00a0ceramik\u0105. Polecany jako nietuzinkowy prezent.<\/span><\/span><\/span><\/h3>\n<p><span style=\"color: #756253;\"><span style=\"font-family: Roboto, sans-serif;\"><span style=\"font-size: 30;\">Karnet zawiera: 1,5 h z\u00a0instruktorem \/ materia\u0142y \/wypa\u0142.\u00a0<\/span><\/span><\/span><\/p>\n<p><span style=\"color: #756253;\"><span style=\"font-family: Roboto, sans-serif;\"><span style=\"font-size: 30;\">Prace\u00a0pozostaj\u0105 w\u00a0pracowni, glina musi wyschn\u0105\u0107 nim wypalimy j\u0105 w\u00a0piecu na\u00a0biskwit. <\/span><\/span><\/span><\/p>\n<p><span style=\"color: #756253;\"><span style=\"font-family: Roboto, sans-serif;\"><span style=\"font-size: 30;\">Po\u00a0wypale praca jest w\u00a0naturalnym kolorze gliny lub pomalowana angobami \u00a0i b\u0119dzie czeka\u0107 na odbi\u00f3r przez 4 tygodnie.\u00a0<\/span><\/span><\/span><\/p>\n<p><span style=\"color: #756253;\"><span style=\"font-family: Roboto, sans-serif;\"><span style=\"font-size: 30;\">\u00a0Warsztaty z glin\u0105 odbywaj\u0105 si\u0119 we\u00a0wtorki \/ pi\u0105tki \/ soboty pomi\u0119dzy 16:00- 20:00.<\/span><\/span><\/span> <span style=\"color: #756253;\"><span style=\"font-family: Roboto, sans-serif;\"><span style=\"font-size: 30;\">Przed\u00a0przyj\u015bciem na\u00a0zaj\u0119cia zadzwo\u0144 do nas i um\u00f3w si\u0119.\u00a0<\/span><\/span><\/span><\/p>\n<p style=\"text-align: left;\">\u00a0<span style=\"color: #756253;\"><span style=\"font-family: Roboto, sans-serif;\"><span style=\"font-size: 20;\">*po dokonaniu zakupu i\u00a0zaksi\u0119gowaniu wp\u0142aty, kupuj\u0105cy otrzymuje bon imienny w\u00a0formie PDF do\u00a0wydruku.<\/span><\/span><\/span><\/p>\n<p style=\"text-align: left;\">\u00a0<span style=\"color: #756253;\"><span style=\"font-family: Roboto, sans-serif;\"><span style=\"font-size: 20;\">*przy zakupie prosz\u0119 o\u00a0podanie danych osoby na\u00a0kt\u00f3r\u0105 karnet ma\u00a0zosta\u0107 wypisany,<\/span><\/span><\/span><\/p>\n<p style=\"text-align: left;\"><span style=\"color: #756253;\"><span style=\"font-family: Roboto, sans-serif;\"><span style=\"font-size: 20;\">*istnieje mo\u017cliwo\u015b\u0107 odbioru wydrukowanego bonu na\u00a0miejscu w\u00a0pracowni, po\u00a0uprzednim um\u00f3wieniu si\u0119.<\/span><\/span><\/span><\/p>\n","protected":false},"excerpt":{"rendered":"<h3>Karnet na 1,5 godzinne warsztaty z glin\u0105.<\/h3>\n<h3><span style=\"color: #756253;\"><span style=\"font-family: Roboto, sans-serif;\"><span style=\"font-size: 30;\">Idealny wst\u0119p do\u00a0zabawy z\u00a0ceramik\u0105. Polecany jako nietuzinkowy prezent.<\/span><\/span><\/span><\/h3>\n<p><span style=\"color: #756253;\"><span style=\"font-family: Roboto, sans-serif;\"><span style=\"font-size: 30;\">1,5 h z\u00a0instruktorem z materia\u0142y, wypa\u0142.\u00a0<\/span><\/span><\/span><\/p>\n<p><span style=\"color: #756253;\"><span style=\"font-family: Roboto, sans-serif;\"><span style=\"font-size: 30;\">Prace\u00a0pozostaj\u0105 w\u00a0pracowni, glina musi wyschn\u0105\u0107 nim wypalimy j\u0105 w\u00a0piecu na\u00a0biskwit. Po\u00a0wypale praca jest w\u00a0naturalnym kolorze gliny ( ewentualnie pomalowana angobami) i b\u0119dzie czeka\u0107 na odbi\u00f3r przez 4 tygodnie.\u00a0<\/span><\/span><\/span><\/p>\n<p><span style=\"color: #756253;\"><span style=\"font-family: Roboto, sans-serif;\"><span style=\"font-size: 30;\">Warsztaty z glin\u0105 odbywaj\u0105 si\u0119 we\u00a0wtorki i\u00a0czwartki pomi\u0119dzy 16:00- 20:00.<\/span><\/span><\/span> <span style=\"color: #756253;\"><span style=\"font-family: Roboto, sans-serif;\"><span style=\"font-size: 30;\">Przed\u00a0przyj\u015bciem na\u00a0zaj\u0119cia zadzwo\u0144 do nas i um\u00f3w si\u0119.\u00a0<\/span><\/span><\/span><\/p>\n<p style=\"text-align: left;\">\u00a0<span style=\"color: #756253;\"><span style=\"font-family: Roboto, sans-serif;\"><span style=\"font-size: 20;\">*po dokonaniu zakupu i\u00a0zaksi\u0119gowaniu wp\u0142aty, kupuj\u0105cy otrzymuje bon imienny w\u00a0formie PDF do\u00a0wydruku.<\/span><\/span><\/span><\/p>\n<p style=\"text-align: left;\">\u00a0<span style=\"color: #756253;\"><span style=\"font-family: Roboto, sans-serif;\"><span style=\"font-size: 20;\">*przy zakupie prosz\u0119 o\u00a0podanie danych osoby na\u00a0kt\u00f3r\u0105 karnet ma\u00a0zosta\u0107 wypisany,<\/span><\/span><\/span><\/p>\n<p style=\"text-align: left;\"><span style=\"color: #756253;\"><span style=\"font-family: Roboto, sans-serif;\"><span style=\"font-size: 20;\">*istnieje mo\u017cliwo\u015b\u0107 odbioru wydrukowanego bonu na\u00a0miejscu w\u00a0pracowni, po\u00a0uprzednim um\u00f3wieniu si\u0119.<\/span><\/span><\/span><\/p>\n","protected":false},"featured_media":154,"template":"","meta":[],"product_brand":[],"product_cat":[23],"product_tag":[24,25,26,33,34],"class_list":{"0":"post-275","1":"product","2":"type-product","3":"status-publish","4":"has-post-thumbnail","6":"product_cat-bony","7":"product_tag-bon","8":"product_tag-karnet","9":"product_tag-prezent","10":"product_tag-warszawy-ceramiczne","11":"product_tag-zajecia-z-glina","13":"first","14":"instock","15":"virtual","16":"purchasable","17":"product-type-simple"},"aioseo_notices":[],"_links":{"self":[{"href":"https:\/\/www.glinianawarsztatownia.com.pl\/index.php\/wp-json\/wp\/v2\/product\/275","targetHints":{"allow":["GET"]}}],"collection":[{"href":"https:\/\/www.glinianawarsztatownia.com.pl\/index.php\/wp-json\/wp\/v2\/product"}],"about":[{"href":"https:\/\/www.glinianawarsztatownia.com.pl\/index.php\/wp-json\/wp\/v2\/types\/product"}],"wp:featuredmedia":[{"embeddable":true,"href":"https:\/\/www.glinianawarsztatownia.com.pl\/index.php\/wp-json\/wp\/v2\/media\/154"}],"wp:attachment":[{"href":"https:\/\/www.glinianawarsztatownia.com.pl\/index.php\/wp-json\/wp\/v2\/media?parent=275"}],"wp:term":[{"taxonomy":"product_brand","embeddable":true,"href":"https:\/\/www.glinianawarsztatownia.com.pl\/index.php\/wp-json\/wp\/v2\/product_brand?post=275"},{"taxonomy":"product_cat","embeddable":true,"href":"https:\/\/www.glinianawarsztatownia.com.pl\/index.php\/wp-json\/wp\/v2\/product_cat?post=275"},{"taxonomy":"product_tag","embeddable":true,"href":"https:\/\/www.glinianawarsztatownia.com.pl\/index.php\/wp-json\/wp\/v2\/product_tag?post=275"}],"curies":[{"name":"wp","href":"https:\/\/api.w.org\/{rel}","templated":true}]}}